{"id":3,"date":"2024-09-11T12:07:08","date_gmt":"2024-09-11T12:07:08","guid":{"rendered":"https:\/\/generav.postvalidation.blog\/?page_id=3"},"modified":"2024-11-20T10:58:54","modified_gmt":"2024-11-20T10:58:54","slug":"privacy-policy","status":"publish","type":"page","link":"https:\/\/generav.postvalidation.blog\/index.php\/privacy-policy\/","title":{"rendered":"Privacy Policy"},"content":{"rendered":"\t\t<div data-elementor-type=\"wp-page\" data-elementor-id=\"3\" class=\"elementor elementor-3\" data-elementor-post-type=\"page\">\n\t\t\t\t<div class=\"elementor-element elementor-element-1045dea6 e-flex e-con-boxed e-con e-parent\" data-id=\"1045dea6\" data-element_type=\"container\">\n\t\t\t\t\t<div class=\"e-con-inner\">\n\t\t\t\t<div class=\"elementor-element elementor-element-5229c1e0 elementor-widget elementor-widget-text-editor\" data-id=\"5229c1e0\" data-element_type=\"widget\" data-widget_type=\"text-editor.default\">\n\t\t\t\t<div class=\"elementor-widget-container\">\n\t\t\t\t\t\t\t<!-- wp:heading -->\n<h2 class=\"wp-block-heading\">Informativa per il trattamento dei dati personali<\/h2>\n<!-- \/wp:heading -->\n\n<!-- wp:paragraph -->\n<p>\u00c8.ONE \u2013 ABITAR\u00c8GENERATIVO SRL con sede in Milano, Via Simone D\u2019Orsenigo 18 \u2013 20135 Milano Cod. Fisc. e P.IVA 10385290969 (in seguito \u201cTitolare\u201d), in qualit\u00e0 di titolare del trattamento, La informa ai sensi dell\u2019art. 13 D.Lgs. 196\/2003 (in seguito \u201cCodice Privacy) e dell\u2019art. 13 Regolamento UE n. 2016\/679 (in seguito \u201cGDPR\u201d) che i suoi dati saranno trattati con le modalit\u00e0 e per le finalit\u00e0 seguenti:<\/p>\n<!-- \/wp:paragraph -->\n\n<!-- wp:paragraph -->\n<p><strong>1. Oggetto del trattamento<\/strong><br>Il Titolare per l\u2019instaurazione e la gestione dei rapporti con lei in corso, tratta i suoi dati personali, identificativi, di contatto e fiscali (ad esempio nome, cognome, ragione sociale, indirizzo, telefono, e-mail, riferimenti bancari e di pagamento ecc).<\/p>\n<!-- \/wp:paragraph -->\n\n<!-- wp:paragraph -->\n<p><strong>2. Fonti dei dati e tipologia di dati trattati<\/strong><br>I dati personali di soggetti che a vario titolo intrattengono rapporti di natura contrattuale possono essere raccolti:<\/p>\n<!-- \/wp:paragraph -->\n\n<!-- wp:list -->\n<ul class=\"wp-block-list\"><!-- wp:list-item -->\n<li>direttamente presso l\u2019interessato<\/li>\n<!-- \/wp:list-item -->\n\n<!-- wp:list-item -->\n<li>mediante l\u2019inserimento da parte dell\u2019utente dei propri dati nel form presente sul sito, cos\u00ec facendo si viene registrati come utenti della piattaforma<\/li>\n<!-- \/wp:list-item -->\n\n<!-- wp:list-item -->\n<li>I dati possono essere inoltre forniti anche da associazioni\/enti\/aziende esterne a \u00c8.ONE \u2013 ABITAR\u00c8GENERATIVO SRL di cui fa parte l\u2019utente.<\/li>\n<!-- \/wp:list-item --><\/ul>\n<!-- \/wp:list -->\n\n<!-- wp:paragraph -->\n<p>Per i dati raccolti non direttamente presso l\u2019interessato, viene fornita la presente informativa all\u2019atto della loro registrazione e comunque non oltre la prima eventuale comunicazione.<\/p>\n<!-- \/wp:paragraph -->\n\n<!-- wp:paragraph -->\n<p><strong>3. Finalit\u00e0 del trattamento e base giuridica<\/strong><br>I suoi dati personali sono trattati:<br>a. Senza il suo consenso espresso (art. 24 Codice Privacy e art. 6 GDPR) per le seguenti finalit\u00e0 di servizio:<\/p>\n<!-- \/wp:paragraph -->\n\n<!-- wp:list -->\n<ul class=\"wp-block-list\"><!-- wp:list-item -->\n<li>Concludere i contratti per i servizi del Titolare<\/li>\n<!-- \/wp:list-item -->\n\n<!-- wp:list-item -->\n<li>Adempiere agli obblighi precontrattuali, contrattuali e fiscali derivanti da rapporti con lei in essere<\/li>\n<!-- \/wp:list-item -->\n\n<!-- wp:list-item -->\n<li>Adempiere agli obblighi previsti dalla legge, da un regolamento, dalla normativa comunitaria o da un ordine dell\u2019Autorit\u00e0<\/li>\n<!-- \/wp:list-item -->\n\n<!-- wp:list-item -->\n<li>Esercitare i diritti del Titolare, ad esempio il diritto di difesa in giudizio;<\/li>\n<!-- \/wp:list-item --><\/ul>\n<!-- \/wp:list -->\n\n<!-- wp:paragraph -->\n<p>b. Solo previo suo specifico e distinto consenso (art. 23 e 130 Codice Privacy e art. 7 GDPR), per le seguenti finalit\u00e0 di marketing:<\/p>\n<!-- \/wp:paragraph -->\n\n<!-- wp:list -->\n<ul class=\"wp-block-list\"><!-- wp:list-item -->\n<li>Inviarle via mail, posta e\/o sms e\/o contatti telefonici e\/o social, newsletter, comunicazioni commerciali e\/o materiale pubblicitario su prodotti o servizi offerti dal Titolare e rilevazione del grado di soddisfazione sulla qualit\u00e0 dei servizi<\/li>\n<!-- \/wp:list-item -->\n\n<!-- wp:list-item -->\n<li>Inviarle via mail, posta e\/o sms e\/o contatti telefonici e\/o social comunicazioni commerciali e\/o promozionali di soggetti terzi (ad esempio business partner, altre societ\u00e0 del gruppo ecc)<\/li>\n<!-- \/wp:list-item -->\n\n<!-- wp:list-item -->\n<li>Segnaliamo che se siete gi\u00e0 nostri clienti, potremo inviarle comunicazioni commerciali relative a servizi e prodotti del Titolare analoghi a quelli di cui ha gi\u00e0 usufruito, salvo suo dissenso (art. 130 co. 4 Codice Privacy)<\/li>\n<!-- \/wp:list-item --><\/ul>\n<!-- \/wp:list -->\n\n<!-- wp:paragraph -->\n<p><strong>4. Natura del conferimento dei dati e conseguenze del rifiuto di rispondere<\/strong><br>Il conferimento dei dati per le finalit\u00e0 di cui al punto 2.a \u00e8 obbligatorio. In loro assenza non potremo garantirle i relativi servizi.<br>Il conferimento dei dati per le finalit\u00e0 di cui al punto 2.b \u00e8 invece facoltativo. Pu\u00f2 quindi decidere di non conferire alcun dato o di negare successivamente la possibilit\u00e0 di trattare per tali finalit\u00e0 dati gi\u00e0 forniti; in tal caso non potr\u00e0 ricevere newsletter, comunicazioni commerciali e materiale pubblicitario inerenti ai servizi e prodotti offerti dal Titolare. Continuer\u00e0 comunque ad avere diritto ai servizi di cui al punto 2.a.<\/p>\n<!-- \/wp:paragraph -->\n\n<!-- wp:paragraph -->\n<p><strong>5. Modalit\u00e0 di trattamento<\/strong><br>Il trattamento dei suoi dati personali \u00e8 realizzato per mezzo delle operazioni indicate all\u2019art. 4 Codice Privacy e all\u2019art. 4 n. 2) GDPR, e precisamente: raccolta, registrazione, organizzazione, conservazione, consultazione, elaborazione, modificazione, selezione, estrazione, raffronto, utilizzo, interconnessione, blocco, comunicazione, cancellazione e distruzione dei dati.<br>I suoi dati personali sono sottoposti a trattamento sia cartaceo che elettronico e\/o automatizzato.<br>Il trattamento \u00e8 svolto da incaricati e collaboratori nell\u2019ambito delle rispettive funzioni ed in conformit\u00e0 alle istruzioni ricevute, sempre e soltanto per il conseguimento delle specifiche finalit\u00e0 rispettando scrupolosamente i principi di riservatezza e di sicurezza richiesti dalle norme applicabili.<\/p>\n<!-- \/wp:paragraph -->\n\n<!-- wp:paragraph -->\n<p><strong>6. Accesso ai dati<\/strong><br>I suoi dati potranno essere resi accessibili per le finalit\u00e0 di cui al punto 2:<\/p>\n<!-- \/wp:paragraph -->\n\n<!-- wp:list -->\n<ul class=\"wp-block-list\"><!-- wp:list-item -->\n<li>Ai dipendenti e collaboratori del Titolare nella loro qualit\u00e0 di incaricati e\/o responsabili interni del trattamento e\/o amministratori di sistema<\/li>\n<!-- \/wp:list-item -->\n\n<!-- wp:list-item -->\n<li>A societ\u00e0 terze o altri soggetti (a titolo indicativo, istituti di credito, studi professionali, consulenti, societ\u00e0 di assicurazione ecc) che svolgono attivit\u00e0 in outsourcing per conto del Titolare, nella loro qualit\u00e0 di responsabili esterni del trattamento, il cui elenco \u00e8 disponibile presso la nostra sede.<\/li>\n<!-- \/wp:list-item --><\/ul>\n<!-- \/wp:list -->\n\n<!-- wp:paragraph -->\n<p><strong>7. Comunicazione di dati<\/strong><br>Senza la necessit\u00e0 di un espresso consenso (art. 24 Codice Privacy e art. 6 GDPR), il Titolare potr\u00e0 comunicare i suoi dati per le finalit\u00e0 di cui al punto 2.a a Organismi di Vigilanza, Autorit\u00e0 Giudiziarie nonch\u00e9 a tutti gli altri soggetti ai quali la comunicazione sia obbligatoria per legge per l\u2019espletamento delle finalit\u00e0 suddette. I Suoi dati non saranno diffusi.<\/p>\n<!-- \/wp:paragraph -->\n\n<!-- wp:paragraph -->\n<p><strong>8. Trasferimento di dati<\/strong><br>I suoi dati non sono oggetto di trasferimento al di fuori dell\u2019Unione Europea. Resta in ogni caso inteso che il Titolare, ove si rendesse necessario, avr\u00e0 facolt\u00e0 di trasferire i dati in Unione Europea e\/o in paesi extra UE. In tal caso, il Titolare assicura sin d\u2019ora che il trasferimento dei dati extra UE avverr\u00e0 in conformit\u00e0 alle disposizioni di legge applicabili stipulando, se necessario, accordi che garantiscano un livello di protezione adeguato e\/o adottando le clausole contrattuali standard previste dalla Commissione Europea.<\/p>\n<!-- \/wp:paragraph -->\n\n<!-- wp:paragraph -->\n<p><strong>9. Conservazione dei dati<\/strong><br>Tutti i dati personali conferiti saranno trattati nel rispetto dei principi di liceit\u00e0, correttezza, pertinenza e proporzionalit\u00e0, solo con le modalit\u00e0, anche informatiche e telematiche, strettamente necessarie per perseguire le finalit\u00e0 sopra descritte.<br>In ogni caso, i dati personali saranno conservati per un periodo di tempo non superiore a quello strettamente necessario al conseguimento delle finalit\u00e0 indicate, in particolare:<\/p>\n<!-- \/wp:paragraph -->\n\n<!-- wp:list -->\n<ul class=\"wp-block-list\"><!-- wp:list-item -->\n<li>Per le finalit\u00e0 di carattere contrattuale (erogazione e prestazione servizi) per il tempo necessario all\u2019adempimento delle obbligazioni contrattuali e, in ogni modo, non oltre 10 anni dal momento della raccolta dei Suoi dati per l\u2019adempimento di obblighi normativi e, comunque, non oltre i termini fissati dalla legge per la prescrizione dei diritti;<\/li>\n<!-- \/wp:list-item -->\n\n<!-- wp:list-item -->\n<li>Per le finalit\u00e0 di marketing diretto e indiretto e ricerche di mercato per 24 (ventiquattro) mesi dal momento del rilascio del consenso al trattamento.<\/li>\n<!-- \/wp:list-item --><\/ul>\n<!-- \/wp:list -->\n\n<!-- wp:paragraph -->\n<p>I dati personali dei quali non \u00e8 necessaria la conservazione in relazione agli scopi indicati saranno cancellati o trasformati in forma anonima. Si evidenzia che i sistemi informativi impiegati per la gestione delle informazioni raccolte sono configurati, sin dall\u2019origine, in moda da minimizzare l\u2019utilizzo dei dati personali.<\/p>\n<!-- \/wp:paragraph -->\n\n<!-- wp:paragraph -->\n<p><strong>10. Diritti dell\u2019interessato<\/strong><br>Nella sua qualit\u00e0 di interessato, ha i diritti di cui all\u2019art. 7 Codice Privacy e art. 15 GDPR, e precisamente i diritti di:<\/p>\n<!-- \/wp:paragraph -->\n\n<!-- wp:list {\"ordered\":true} -->\n<ol class=\"wp-block-list\"><!-- wp:list-item -->\n<li>Ottenere la conferma dell\u2019esistenza o meno di dati personali che la riguardano, anche se non ancora registrati, e la loro comunicazione in forma intellegibile;<\/li>\n<!-- \/wp:list-item -->\n\n<!-- wp:list-item -->\n<li>Ottenere l\u2019indicazione: a) dell\u2019origine dei dati personali; b) delle finalit\u00e0 e modalit\u00e0 di trattamento; c) della logica applicata in caso di trattamento effettuato con l\u2019ausilio di strumenti elettronici; d) degli estremi identificativi del Titolare, dei responsabili e del rappresentato designato; e) dei soggetti o delle categorie di soggetti ai quali i dati personali possono essere comunicati o che possono venirne a conoscenza in qualit\u00e0 di rappresentante designato nel territorio dello Stato, di responsabili o di incaricati;<\/li>\n<!-- \/wp:list-item -->\n\n<!-- wp:list-item -->\n<li>Ottenere:<br>a) l\u2019aggiornamento, la rettificazione ovvero, quando vi ha interesse, l\u2019integrazione dei dati;<br>b) la cancellazione, la trasformazione in forma anonima o il blocco dei dati trattati in violazione di legge, compresi quelli di cui non \u00e8 necessaria la conservazione in relazione agli scopi per i quali i dati sono stati raccolti o successivamente trattati;<br>c) l\u2019attestazione che le operazioni di cui alle lettere a) e b) sono state portate a conoscenza, anche per quanto riguarda il loro contenuto, di coloro ai quali i dati sono stati comunicati o diffusi, eccettuato il caso in cui tale adempimento si rivela impossibile o comporta un impiego di mezzi manifestamente sproporzionato rispetto al diritto tutelato;<\/li>\n<!-- \/wp:list-item -->\n\n<!-- wp:list-item -->\n<li>Opporsi, in tutto o in parte:<br>a) per motivi legittimi al trattamento dei dati personali che La riguardano, ancorch\u00e9 pertinenti allo scopo della raccolta;<br>b) al trattamento di dati personali che La riguardano a fini di invio di materiale pubblicitario o di vendita diretta o per il compimento di ricerche di mercato o di comunicazione commerciale, mediante l\u2019uso di sistemi automatizzati di chiamata senza l\u2019intervento di un operatore mediante e-mail e\/o mediante modalit\u00e0 di marketing tradizionali mediante telefono e\/o posta cartacea. Si fa presente che il diritto di opposizione dell\u2019interessato, esposto al precedente punto b), per finalit\u00e0 di marketing diretto mediante modalit\u00e0 automatizzate si estende a quelle tradizionali e che comunque resta salva la possibilit\u00e0 per l\u2019interessato di esercitare il diritto di opposizione anche solo in parte. Pertanto, l\u2019interessato pu\u00f2 decidere di ricevere solo comunicazioni mediante modalit\u00e0 tradizionali ovvero solo comunicazioni automatizzate oppure nessuna delle due tipologie di comunicazione.<br>Ove applicabili, ha altres\u00ec i diritti di cui agli artt. 16-21 GDPR (Diritto di rettifica, diritto all\u2019oblio, diritto di limitazione di trattamento, diritto alla portabilit\u00e0 dei dati, diritto di opposizione), nonch\u00e9 il diritto di reclamo all\u2019Autorit\u00e0 Garante.<\/li>\n<!-- \/wp:list-item --><\/ol>\n<!-- \/wp:list -->\n\n<!-- wp:paragraph -->\n<p><strong>11. Modalit\u00e0 di esercizio dei diritti<\/strong><br>Potr\u00e0 in qualsiasi momento esercitare i diritti inviando una e-mail all\u2019indirizzo eone@pec.eone-srl.it.<\/p>\n<!-- \/wp:paragraph -->\n\n<!-- wp:paragraph -->\n<p><strong>12. Titolare, responsabile e incaricati<\/strong><br>Il Titolare del trattamento \u00e8 \u00c8.ONE \u2013 ABITAR\u00c8GENERATIVO SRL. L\u2019elenco aggiornato dei responsabili e degli incaricati al trattamento \u00e8 custodito presso la sede legale del Titolare del trattamento.<\/p>\n<!-- \/wp:paragraph -->\n\n<!-- wp:paragraph -->\n<p><strong>13. Aggiornamenti della nostra Informativa sulla Privacy<\/strong><br>La presente Informativa sulla Privacy pu\u00f2 venire periodicamente aggiornata senza preavviso al fine di recepire le modifiche apportate alle nostre pratiche sul trattamento delle informazioni personali. Sar\u00e0 nostra cura pubblicare un avviso ben visibile sui nostri siti web per comunicare eventuali modifiche significative apportate alla nostra Informativa sulla Privacy, indicando sulla parte inferiore della stessa la data dell\u2019ultimo aggiornamento.<\/p>\n<!-- \/wp:paragraph -->\n\n<!-- wp:paragraph -->\n<p>Informativa aggiornata al 21\/02\/2020.<br>&nbsp;<\/p>\n<!-- \/wp:paragraph -->\t\t\t\t\t\t<\/div>\n\t\t\t\t<\/div>\n\t\t\t\t\t<\/div>\n\t\t\t\t<\/div>\n\t\t\t\t<\/div>\n\t\t","protected":false},"excerpt":{"rendered":"<p>Informativa per il trattamento dei dati personali \u00c8.ONE \u2013 ABITAR\u00c8GENERATIVO SRL con sede in Milano, Via Simone D\u2019Orsenigo 18 \u2013 20135 Milano Cod. Fisc. e P.IVA 10385290969 (in seguito \u201cTitolare\u201d), in qualit\u00e0 di titolare del trattamento, La informa ai sensi dell\u2019art. 13 D.Lgs. 196\/2003 (in seguito \u201cCodice Privacy) e dell\u2019art. 13 Regolamento UE n. 2016\/679 [&hellip;]<\/p>\n","protected":false},"author":1,"featured_media":0,"parent":0,"menu_order":0,"comment_status":"closed","ping_status":"open","template":"elementor_canvas","meta":{"_acf_changed":false,"footnotes":""},"class_list":["post-3","page","type-page","status-publish","hentry"],"acf":[],"_links":{"self":[{"href":"https:\/\/generav.postvalidation.blog\/index.php\/wp-json\/wp\/v2\/pages\/3","targetHints":{"allow":["GET"]}}],"collection":[{"href":"https:\/\/generav.postvalidation.blog\/index.php\/wp-json\/wp\/v2\/pages"}],"about":[{"href":"https:\/\/generav.postvalidation.blog\/index.php\/wp-json\/wp\/v2\/types\/page"}],"author":[{"embeddable":true,"href":"https:\/\/generav.postvalidation.blog\/index.php\/wp-json\/wp\/v2\/users\/1"}],"replies":[{"embeddable":true,"href":"https:\/\/generav.postvalidation.blog\/index.php\/wp-json\/wp\/v2\/comments?post=3"}],"version-history":[{"count":5,"href":"https:\/\/generav.postvalidation.blog\/index.php\/wp-json\/wp\/v2\/pages\/3\/revisions"}],"predecessor-version":[{"id":1494,"href":"https:\/\/generav.postvalidation.blog\/index.php\/wp-json\/wp\/v2\/pages\/3\/revisions\/1494"}],"wp:attachment":[{"href":"https:\/\/generav.postvalidation.blog\/index.php\/wp-json\/wp\/v2\/media?parent=3"}],"curies":[{"name":"wp","href":"https:\/\/api.w.org\/{rel}","templated":true}]}}