{"id":1495,"date":"2024-11-20T10:59:34","date_gmt":"2024-11-20T10:59:34","guid":{"rendered":"https:\/\/generav.postvalidation.blog\/?page_id=1495"},"modified":"2024-11-20T10:59:46","modified_gmt":"2024-11-20T10:59:46","slug":"cookie-policy","status":"publish","type":"page","link":"https:\/\/generav.postvalidation.blog\/index.php\/cookie-policy\/","title":{"rendered":"Cookie Policy"},"content":{"rendered":"\t\t<div data-elementor-type=\"wp-page\" data-elementor-id=\"1495\" class=\"elementor elementor-1495\" data-elementor-post-type=\"page\">\n\t\t\t\t<div class=\"elementor-element elementor-element-1045dea6 e-flex e-con-boxed e-con e-parent\" data-id=\"1045dea6\" data-element_type=\"container\">\n\t\t\t\t\t<div class=\"e-con-inner\">\n\t\t\t\t<div class=\"elementor-element elementor-element-5229c1e0 elementor-widget elementor-widget-text-editor\" data-id=\"5229c1e0\" data-element_type=\"widget\" data-widget_type=\"text-editor.default\">\n\t\t\t\t<div class=\"elementor-widget-container\">\n\t\t\t\t\t\t\t<!-- wp:heading -->\n<div class=\"container\">\n<div id=\"block-generavivo-page-title\" class=\"block block-core block-page-title-block\">\n<h1 class=\"display-4 text-center page-title\"><span class=\"field field--name-title field--type-string field--label-hidden\">Cookie Policy<\/span><\/h1>\n<\/div>\n<\/div>\n<div id=\"block-generavivo-content\" class=\"block block-system block-system-main-block\">\n<article class=\"node node--type-page node--view-mode-full\" role=\"article\" data-history-node-id=\"3\">\n<div class=\"node__content\">\n<div class=\"container\">\n<div class=\"field field--name-body field--type-text-with-summary field--label-hidden field__item\">\n<p>Un cookie \u00e8 uno strumento automatico di raccolta dei dati di uso comune. I cookie sono piccoli file di testo che vengono depositati sul computer o sul dispositivo dell\u2019utente dai siti web visitati o dalle email in formato HTML che vengono aperte sul browser, per far funzionare i siti web o per lavorare in modo pi\u00f9 efficiente.<\/p>\n<p>\u00c8.ONE \u2013 ABITAR\u00c8GENERATIVO SRL utilizza cookie e altre tecnologie di tracciamento sui propri siti web e nelle proprie email al fine di:<\/p>\n<p>\u00a0 \u00a0 Garantire il corretto funzionamento del nostro sito web e la corretta consegna di comunicazioni elettroniche legittime;<br \/>\u00a0 \u00a0 Personalizzare le informazioni presentate all\u2019utente in base alle preferenze di navigazione;<br \/>\u00a0 \u00a0 Raccogliere le statistiche relative all\u2019utilizzo del sito web;<br \/>\u00a0 \u00a0 Raccogliere informazioni sulle azioni intraprese dall\u2019utente nella email inviata (lettura tramite pixel immagine o tracciamento dei click).<\/p>\n<p><strong>Tipi di cookie<\/strong><br \/>I cookies possono essere classificati in:<\/p>\n<ul>\n<li><strong>Cookies di sessione<\/strong>: che vengono rimossi quando l\u2019utente chiude il browser e che, pertanto, hanno una durata limitata alla visita;<br \/>\u00a0<\/li>\n<li><strong>Cookies permanenti<\/strong>: che rimangono nel dispositivo utilizzato per navigare in Internet per un tempo determinato. Questi cookie hanno date di scadenza tipiche e, pertanto, la loro durata varia a seconda del cookie utilizzato.<br \/>\u00a0<\/li>\n<li><strong>Cookies proprietari e Cookies di terze parti<\/strong>: a seconda che essi appartengano al titolare del sito web o ad una terza parte.<\/li>\n<\/ul>\n<p>Per i propri siti web ed altri servizi on line \u00c8.ONE \u2013 ABITAR\u00c8GENERATIVO SRL utilizza le seguenti categorie di cookie:<\/p>\n<ol>\n<li><strong>Cookie essenziali<\/strong>: sono necessari per fornire servizi e funzionalit\u00e0 disponibili attraverso i nostri siti web. Senza questi cookie, i servizi di cui l\u2019utente potrebbe avere bisogno non potrebbero essere forniti.<br \/>\u00a0<\/li>\n<li><strong>Cookie di analisi<\/strong>: questi cookies consentono di perfezionare i nostri siti web monitorando ed analizzando il comportamento degli utenti e creando dei loro profili al fine di apportare miglioramenti ai nostri siti web che rendano pi\u00f9 facile la navigazione. Per esempio, i cookies di analisi possono aiutarci a tener traccia di quali sono le pagine visitate frequentemente, quali sono le preferenze dell\u2019utente, quali prodotti sono gi\u00e0 stati visualizzati per evitare che vengano riproposti, se la pubblicit\u00e0 che viene pubblicata sul sito web \u00e8 efficace o meno, se e quali difficolt\u00e0 l\u2019utente incontra nell\u2019utilizzo del sito. Al fine di analizzare le modalit\u00e0 di utilizzo dei siti web, \u00c8.ONE \u2013 ABITAR\u00c8GENERATIVO SRL si avvale anche del servizio di analisi web Google Analytics fornito da Google. In particolare, Google Analytics utilizza i cookies (sia temporanei sia permanenti) al fine di raccogliere, in forma anonima, informazioni sulle modalit\u00e0 di utilizzo del nostro sito web da parte degli utenti che saranno trasmesse dal browser dell\u2019utente sui server di Google. Le informazioni raccolte saranno utilizzare da Google allo scopo di valutare l\u2019utilizzo del sito internet da parte dell\u2019utente, compilare dei report sull\u2019attivit\u00e0 del sito internet utili agli operatori dello stesso sito e fornire altri servizi relativi all\u2019attivit\u00e0 del sito e all\u2019utilizzo di internet.<br \/>Ulteriori informazioni in merito al servizio Google Analytics ed alle procedure da seguire per disabilitare i cookie possono essere trovate ai seguenti collegamenti:<br \/><a href=\"http:\/\/www.google.com\/intl\/en\/analytics\/privacyoverview.html\">http:\/\/www.google.com\/intl\/en\/analytics\/privacyoverview.html<\/a><br \/><a href=\"https:\/\/developers.google.com\/analytics\/devguides\/collection\/analyticsjs\/cookie-usage\">https:\/\/developers.google.com\/analytics\/devguides\/collection\/analyticsjs\/cookie-usage<\/a><br \/>Tali dati non permettono di identificare personalmente l\u2019utente: tutti i dati raccolti sono aggregati ed in quanto tali anonimi.<br \/>\u00a0<\/li>\n<li><strong>Cookie di Terze Parti e Social media cookie<\/strong>: utilizzando questo sito internet potrebbero essere memorizzati cookie controllati da terze parti. Queste informazioni sono controllate totalmente dalle societ\u00e0 terze secondo quanto descritto nelle rispettive privacy policy. Per non ricevere cookie di terze parti l\u2019utente potr\u00e0: seguire le procedure indicate in seguito per disabilitare i cookie sul proprio browser o accedere alle informative e ai moduli di consenso delle terze parti indicate in seguito ed escluderne il ricevimento.<br \/>Facebook:\u00a0<a href=\"https:\/\/www.facebook.com\/help\/cookies\/?ref=sitefooter\">https:\/\/www.facebook.com\/help\/cookies\/?ref=sitefooter<\/a><br \/>Google:\u00a0<a href=\"https:\/\/www.google.com\/policies\/technologies\/cookies\/\">https:\/\/www.google.com\/policies\/technologies\/cookies\/<\/a><br \/>Twitter:\u00a0<a href=\"https:\/\/twitter.com\/settings\/security\">https:\/\/twitter.com\/settings\/security<\/a><br \/>Youtube:\u00a0<a href=\"https:\/\/www.google.it\/intl\/it\/policies\/privacy\/\">https:\/\/www.google.it\/intl\/it\/policies\/privacy\/<\/a><br \/>Instagram:\u00a0<a href=\"https:\/\/help.instagram.com\/1896641480634370?ref=ig\">https:\/\/help.instagram.com\/1896641480634370?ref=ig<\/a><\/li>\n<\/ol>\n<p><strong>Funzione Do Not Track<\/strong><br \/>Esistono diversi modi per impedire il tracciamento dell\u2019attivit\u00e0 svolta online. Uno di questi consiste nell\u2019impostare una preferenza nel browser che avvisa i siti web visitati che non si desidera che raccolgano determinati dati su di te. Questo \u00e8 indicato come segnale Do-Not-Track (\u201cDNT\u201d). Si noti che i nostri siti web potrebbero non riconoscere o agire in risposta ai segnali DNT dai browser web. Attualmente non esiste uno standard universalmente accettato per ci\u00f2 che una societ\u00e0 deve fare quando viene rilevato un segnale DNT. Nel caso in cui venga stabilito uno standard definitivo, valuteremo come rispondere adeguatamente a tali segnali. Per informazioni pi\u00f9 dettagliate su cookie, Do-Not-Track e altre tecnologie di tracciamento, visitare\u00a0<a href=\"https:\/\/www.allaboutcookies.org\/\">www.allaboutcookies.org<\/a>\u00a0e\u00a0<a href=\"https:\/\/allaboutdnt.com\/\">https:\/\/allaboutdnt.com<\/a>.<\/p>\n<p><strong>Modifiche alla cookie policy<\/strong><br \/>\u00c8.ONE \u2013 ABITAR\u00c8GENERATIVO SRL si riserva la facolt\u00e0 di apportare delle modifiche alla presente cookie policy. L\u2019utente accetta di essere vincolato a tali eventuali e future revisioni e si impegna, pertanto, a visitare periodicamente questa pagina per essere informato su eventuali variazioni.<\/p>\n<p><strong>LOG DI SISTEMA<\/strong><br \/>Data la natura dei servizi offerti dal nostro sito web, i nostri server mantengono log di sistema (web server, database server e application server) al solo scopo di prevenire accessi non autorizzati, di non subire la ricezione di codice malevolo e per ultimo di monitorare attacchi di tipo \u201cdenial of service\u201d. Solo per tali finalit\u00e0 vengono archiviati alcuni dati identificativi tra cui l\u2019indirizzo IP, il tipo di browser, il sistema operativo, la data\/ora e la url completa ovvero l\u2019azione richiesta dall\u2019utente.<\/p>\n<p>\u00c8.ONE \u2013 ABITAR\u00c8GENERATIVO SRL dichiara che tali dati non verranno mai utilizzati per altri scopi tanto meno per attivit\u00e0 di tipo marketing n\u00e8 mai saranno ceduti a terzi.<br \/>Si dichiara inoltre che i log di sistema siano trattati in maniera sicura, con accessi limitati agli amministratori di sistema, archiviati con tecniche di crittografia e mantenuti per un tempo limitato in conformit\u00e0 alle motivazioni di sicurezza sopra descritte.<\/p>\n<\/div>\n<\/div>\n<\/div>\n<\/article>\n<\/div>\n<!-- \/wp:paragraph -->\t\t\t\t\t\t<\/div>\n\t\t\t\t<\/div>\n\t\t\t\t\t<\/div>\n\t\t\t\t<\/div>\n\t\t\t\t<\/div>\n\t\t","protected":false},"excerpt":{"rendered":"<p>Cookie Policy Un cookie \u00e8 uno strumento automatico di raccolta dei dati di uso comune. I cookie sono piccoli file di testo che vengono depositati sul computer o sul dispositivo dell\u2019utente dai siti web visitati o dalle email in formato HTML che vengono aperte sul browser, per far funzionare i siti web o per lavorare [&hellip;]<\/p>\n","protected":false},"author":1,"featured_media":0,"parent":0,"menu_order":0,"comment_status":"closed","ping_status":"open","template":"elementor_canvas","meta":{"_acf_changed":false,"footnotes":""},"class_list":["post-1495","page","type-page","status-publish","hentry"],"acf":[],"_links":{"self":[{"href":"https:\/\/generav.postvalidation.blog\/index.php\/wp-json\/wp\/v2\/pages\/1495","targetHints":{"allow":["GET"]}}],"collection":[{"href":"https:\/\/generav.postvalidation.blog\/index.php\/wp-json\/wp\/v2\/pages"}],"about":[{"href":"https:\/\/generav.postvalidation.blog\/index.php\/wp-json\/wp\/v2\/types\/page"}],"author":[{"embeddable":true,"href":"https:\/\/generav.postvalidation.blog\/index.php\/wp-json\/wp\/v2\/users\/1"}],"replies":[{"embeddable":true,"href":"https:\/\/generav.postvalidation.blog\/index.php\/wp-json\/wp\/v2\/comments?post=1495"}],"version-history":[{"count":4,"href":"https:\/\/generav.postvalidation.blog\/index.php\/wp-json\/wp\/v2\/pages\/1495\/revisions"}],"predecessor-version":[{"id":1500,"href":"https:\/\/generav.postvalidation.blog\/index.php\/wp-json\/wp\/v2\/pages\/1495\/revisions\/1500"}],"wp:attachment":[{"href":"https:\/\/generav.postvalidation.blog\/index.php\/wp-json\/wp\/v2\/media?parent=1495"}],"curies":[{"name":"wp","href":"https:\/\/api.w.org\/{rel}","templated":true}]}}